{"id":763,"date":"2025-08-28T15:52:32","date_gmt":"2025-08-28T15:52:32","guid":{"rendered":"https:\/\/www.annycom.com\/?page_id=763"},"modified":"2025-08-28T22:34:36","modified_gmt":"2025-08-28T22:34:36","slug":"servicios","status":"publish","type":"page","link":"https:\/\/www.annycom.com\/?page_id=763","title":{"rendered":"Servicios"},"content":{"rendered":"\n<div class=\"wp-block-cover\"><img loading=\"lazy\" decoding=\"async\" width=\"1024\" height=\"683\" class=\"wp-block-cover__image-background wp-image-792 size-large\" alt=\"\" src=\"https:\/\/www.annycom.com\/wp-content\/uploads\/2025\/08\/Banner-Servicios-1024x683.png\" data-object-fit=\"cover\" srcset=\"https:\/\/www.annycom.com\/wp-content\/uploads\/2025\/08\/Banner-Servicios-1024x683.png 1024w, https:\/\/www.annycom.com\/wp-content\/uploads\/2025\/08\/Banner-Servicios-300x200.png 300w, https:\/\/www.annycom.com\/wp-content\/uploads\/2025\/08\/Banner-Servicios-768x512.png 768w, https:\/\/www.annycom.com\/wp-content\/uploads\/2025\/08\/Banner-Servicios-1536x1024.png 1536w, https:\/\/www.annycom.com\/wp-content\/uploads\/2025\/08\/Banner-Servicios.png 1920w\" sizes=\"auto, (max-width: 1024px) 100vw, 1024px\" \/><span aria-hidden=\"true\" class=\"wp-block-cover__background has-background-dim\" style=\"background-color:#265071\"><\/span><div class=\"wp-block-cover__inner-container is-layout-constrained wp-block-cover-is-layout-constrained\">\n<p class=\"has-text-align-center has-large-font-size\">Servicios<\/p>\n<\/div><\/div>\n\n\n\n<div class=\"wp-block-columns is-layout-flex wp-container-core-columns-is-layout-9d6595d7 wp-block-columns-is-layout-flex\">\n<div class=\"wp-block-column is-layout-flow wp-block-column-is-layout-flow\">\n<figure class=\"wp-block-image size-large\"><img loading=\"lazy\" decoding=\"async\" width=\"1024\" height=\"683\" src=\"https:\/\/www.annycom.com\/wp-content\/uploads\/2025\/08\/Banner-Servicios-3-1024x683.png\" alt=\"\" class=\"wp-image-793\" srcset=\"https:\/\/www.annycom.com\/wp-content\/uploads\/2025\/08\/Banner-Servicios-3-1024x683.png 1024w, https:\/\/www.annycom.com\/wp-content\/uploads\/2025\/08\/Banner-Servicios-3-300x200.png 300w, https:\/\/www.annycom.com\/wp-content\/uploads\/2025\/08\/Banner-Servicios-3-768x512.png 768w, https:\/\/www.annycom.com\/wp-content\/uploads\/2025\/08\/Banner-Servicios-3-1536x1024.png 1536w, https:\/\/www.annycom.com\/wp-content\/uploads\/2025\/08\/Banner-Servicios-3.png 1920w\" sizes=\"auto, (max-width: 1024px) 100vw, 1024px\" \/><\/figure>\n<\/div>\n\n\n\n<div class=\"wp-block-column is-layout-flow wp-block-column-is-layout-flow\">\n<p>Nuestros servicios se orientan a la consultor\u00eda en ingenier\u00eda, abarcando un espectro amplio que integra innovaci\u00f3n, tecnolog\u00edas de la informaci\u00f3n (TI), disciplinas de la ingenier\u00eda aplicada y soluciones en el \u00e1mbito de las redes y las telecomunicaciones. Nos especializamos en analizar, dise\u00f1ar e implementar proyectos tecnol\u00f3gicos e ingenieriles que respondan a los desaf\u00edos actuales de la industria, incorporando metodolog\u00edas de vanguardia y garantizando la eficiencia, seguridad y sostenibilidad de cada iniciativa.<\/p>\n<\/div>\n<\/div>\n\n\n\n<div class=\"wp-block-columns is-layout-flex wp-container-core-columns-is-layout-9d6595d7 wp-block-columns-is-layout-flex\">\n<div class=\"wp-block-column is-layout-flow wp-block-column-is-layout-flow\">\n<p>De manera complementaria, ofrecemos un servicio especializado de suscripci\u00f3n a los tratados m\u00e9dicos de <em>EMC Consulte<\/em> de <em>Elsevier<\/em>, reconocidos internacionalmente como una de las fuentes m\u00e1s confiables y actualizadas en Medicina y Ciencias de la Salud. A trav\u00e9s de esta plataforma, los profesionales del \u00e1rea acceden a contenidos de alto nivel acad\u00e9mico, constantemente revisados y actualizados por expertos, que cubren m\u00faltiples especialidades m\u00e9dicas y presentan los \u00faltimos descubrimientos, avances cl\u00ednicos y mejores pr\u00e1cticas basadas en evidencia.<\/p>\n<\/div>\n\n\n\n<div class=\"wp-block-column is-layout-flow wp-block-column-is-layout-flow\">\n<figure class=\"wp-block-image size-large\"><img loading=\"lazy\" decoding=\"async\" width=\"1024\" height=\"683\" src=\"https:\/\/www.annycom.com\/wp-content\/uploads\/2025\/08\/Banner-Servicios-2-1024x683.png\" alt=\"\" class=\"wp-image-794\" srcset=\"https:\/\/www.annycom.com\/wp-content\/uploads\/2025\/08\/Banner-Servicios-2-1024x683.png 1024w, https:\/\/www.annycom.com\/wp-content\/uploads\/2025\/08\/Banner-Servicios-2-300x200.png 300w, https:\/\/www.annycom.com\/wp-content\/uploads\/2025\/08\/Banner-Servicios-2-768x512.png 768w, https:\/\/www.annycom.com\/wp-content\/uploads\/2025\/08\/Banner-Servicios-2-1536x1024.png 1536w, https:\/\/www.annycom.com\/wp-content\/uploads\/2025\/08\/Banner-Servicios-2.png 1920w\" sizes=\"auto, (max-width: 1024px) 100vw, 1024px\" \/><\/figure>\n<\/div>\n<\/div>\n\n\n\n<div class=\"wp-block-columns is-layout-flex wp-container-core-columns-is-layout-9d6595d7 wp-block-columns-is-layout-flex\">\n<div class=\"wp-block-column is-layout-flow wp-block-column-is-layout-flow\">\n<figure class=\"wp-block-image size-large\"><img loading=\"lazy\" decoding=\"async\" width=\"1024\" height=\"683\" src=\"https:\/\/www.annycom.com\/wp-content\/uploads\/2025\/08\/servicios-4-1024x683.png\" alt=\"\" class=\"wp-image-796\" srcset=\"https:\/\/www.annycom.com\/wp-content\/uploads\/2025\/08\/servicios-4-1024x683.png 1024w, https:\/\/www.annycom.com\/wp-content\/uploads\/2025\/08\/servicios-4-300x200.png 300w, https:\/\/www.annycom.com\/wp-content\/uploads\/2025\/08\/servicios-4-768x512.png 768w, https:\/\/www.annycom.com\/wp-content\/uploads\/2025\/08\/servicios-4-1536x1024.png 1536w, https:\/\/www.annycom.com\/wp-content\/uploads\/2025\/08\/servicios-4.png 1920w\" sizes=\"auto, (max-width: 1024px) 100vw, 1024px\" \/><\/figure>\n<\/div>\n\n\n\n<div class=\"wp-block-column is-layout-flow wp-block-column-is-layout-flow\">\n<p>Esta combinaci\u00f3n de servicios, que une la consultor\u00eda t\u00e9cnica en ingenier\u00eda con la distribuci\u00f3n de conocimiento cient\u00edfico de excelencia, nos permite atender a sectores estrat\u00e9gicos con soluciones integrales: desde el desarrollo de proyectos tecnol\u00f3gicos de gran complejidad hasta la actualizaci\u00f3n profesional continua en el \u00e1mbito de la salud. Con ello, buscamos fortalecer la innovaci\u00f3n, apoyar la toma de decisiones cr\u00edticas y contribuir al crecimiento sostenible de organizaciones y profesionales.<\/p>\n<\/div>\n<\/div>\n\n\n\n<div style=\"height:400px\" aria-hidden=\"true\" class=\"wp-block-spacer\"><\/div>\n","protected":false},"excerpt":{"rendered":"<p>Nuestros servicios se orientan a la consultor\u00eda en ingenier\u00eda, abarcando un espectro amplio que integra innovaci\u00f3n, tecnolog\u00edas de la informaci\u00f3n (TI), disciplinas de la ingenier\u00eda aplicada y soluciones en el \u00e1mbito de las redes y las telecomunicaciones. Nos especializamos en analizar, dise\u00f1ar e implementar proyectos tecnol\u00f3gicos e ingenieriles que respondan a los desaf\u00edos actuales de&#8230;<\/p>\n","protected":false},"author":1,"featured_media":0,"parent":0,"menu_order":0,"comment_status":"closed","ping_status":"closed","template":"","meta":{"_kadence_starter_templates_imported_post":false,"_kad_post_transparent":"","_kad_post_title":"","_kad_post_layout":"","_kad_post_sidebar_id":"","_kad_post_content_style":"","_kad_post_vertical_padding":"","_kad_post_feature":"","_kad_post_feature_position":"","_kad_post_header":false,"_kad_post_footer":false,"footnotes":""},"class_list":["post-763","page","type-page","status-publish","hentry"],"yoast_head":"<!-- This site is optimized with the Yoast SEO plugin v27.4 - https:\/\/yoast.com\/product\/yoast-seo-wordpress\/ -->\n<title>Servicios - Annycom<\/title>\n<meta name=\"robots\" content=\"index, follow, max-snippet:-1, max-image-preview:large, max-video-preview:-1\" \/>\n<link rel=\"canonical\" href=\"https:\/\/www.annycom.com\/?page_id=763\" \/>\n<meta property=\"og:locale\" content=\"es_ES\" \/>\n<meta property=\"og:type\" content=\"article\" \/>\n<meta property=\"og:title\" content=\"Servicios - Annycom\" \/>\n<meta property=\"og:description\" content=\"Nuestros servicios se orientan a la consultor\u00eda en ingenier\u00eda, abarcando un espectro amplio que integra innovaci\u00f3n, tecnolog\u00edas de la informaci\u00f3n (TI), disciplinas de la ingenier\u00eda aplicada y soluciones en el \u00e1mbito de las redes y las telecomunicaciones. Nos especializamos en analizar, dise\u00f1ar e implementar proyectos tecnol\u00f3gicos e ingenieriles que respondan a los desaf\u00edos actuales de...\" \/>\n<meta property=\"og:url\" content=\"https:\/\/www.annycom.com\/?page_id=763\" \/>\n<meta property=\"og:site_name\" content=\"Annycom\" \/>\n<meta property=\"article:modified_time\" content=\"2025-08-28T22:34:36+00:00\" \/>\n<meta property=\"og:image\" content=\"https:\/\/www.annycom.com\/wp-content\/uploads\/2025\/08\/Banner-Servicios-1024x683.png\" \/>\n<meta name=\"twitter:card\" content=\"summary_large_image\" \/>\n<meta name=\"twitter:label1\" content=\"Tiempo de lectura\" \/>\n\t<meta name=\"twitter:data1\" content=\"1 minuto\" \/>\n<script type=\"application\/ld+json\" class=\"yoast-schema-graph\">{\"@context\":\"https:\\\/\\\/schema.org\",\"@graph\":[{\"@type\":\"WebPage\",\"@id\":\"https:\\\/\\\/www.annycom.com\\\/?page_id=763\",\"url\":\"https:\\\/\\\/www.annycom.com\\\/?page_id=763\",\"name\":\"Servicios - Annycom\",\"isPartOf\":{\"@id\":\"https:\\\/\\\/www.annycom.com\\\/#website\"},\"primaryImageOfPage\":{\"@id\":\"https:\\\/\\\/www.annycom.com\\\/?page_id=763#primaryimage\"},\"image\":{\"@id\":\"https:\\\/\\\/www.annycom.com\\\/?page_id=763#primaryimage\"},\"thumbnailUrl\":\"https:\\\/\\\/www.annycom.com\\\/wp-content\\\/uploads\\\/2025\\\/08\\\/Banner-Servicios-1024x683.png\",\"datePublished\":\"2025-08-28T15:52:32+00:00\",\"dateModified\":\"2025-08-28T22:34:36+00:00\",\"breadcrumb\":{\"@id\":\"https:\\\/\\\/www.annycom.com\\\/?page_id=763#breadcrumb\"},\"inLanguage\":\"es\",\"potentialAction\":[{\"@type\":\"ReadAction\",\"target\":[\"https:\\\/\\\/www.annycom.com\\\/?page_id=763\"]}]},{\"@type\":\"ImageObject\",\"inLanguage\":\"es\",\"@id\":\"https:\\\/\\\/www.annycom.com\\\/?page_id=763#primaryimage\",\"url\":\"https:\\\/\\\/www.annycom.com\\\/wp-content\\\/uploads\\\/2025\\\/08\\\/Banner-Servicios.png\",\"contentUrl\":\"https:\\\/\\\/www.annycom.com\\\/wp-content\\\/uploads\\\/2025\\\/08\\\/Banner-Servicios.png\",\"width\":1920,\"height\":1280},{\"@type\":\"BreadcrumbList\",\"@id\":\"https:\\\/\\\/www.annycom.com\\\/?page_id=763#breadcrumb\",\"itemListElement\":[{\"@type\":\"ListItem\",\"position\":1,\"name\":\"Portada\",\"item\":\"https:\\\/\\\/www.annycom.com\\\/\"},{\"@type\":\"ListItem\",\"position\":2,\"name\":\"Servicios\"}]},{\"@type\":\"WebSite\",\"@id\":\"https:\\\/\\\/www.annycom.com\\\/#website\",\"url\":\"https:\\\/\\\/www.annycom.com\\\/\",\"name\":\"Annycom\",\"description\":\"Tecnolog&iacute;as y Sistemas de Informaci&oacute;n M&eacute;dicos\",\"publisher\":{\"@id\":\"https:\\\/\\\/www.annycom.com\\\/#organization\"},\"potentialAction\":[{\"@type\":\"SearchAction\",\"target\":{\"@type\":\"EntryPoint\",\"urlTemplate\":\"https:\\\/\\\/www.annycom.com\\\/?s={search_term_string}\"},\"query-input\":{\"@type\":\"PropertyValueSpecification\",\"valueRequired\":true,\"valueName\":\"search_term_string\"}}],\"inLanguage\":\"es\"},{\"@type\":\"Organization\",\"@id\":\"https:\\\/\\\/www.annycom.com\\\/#organization\",\"name\":\"Annycom\",\"url\":\"https:\\\/\\\/www.annycom.com\\\/\",\"logo\":{\"@type\":\"ImageObject\",\"inLanguage\":\"es\",\"@id\":\"https:\\\/\\\/www.annycom.com\\\/#\\\/schema\\\/logo\\\/image\\\/\",\"url\":\"https:\\\/\\\/www.annycom.com\\\/wp-content\\\/uploads\\\/2025\\\/08\\\/Web-Logo-Annycom.png\",\"contentUrl\":\"https:\\\/\\\/www.annycom.com\\\/wp-content\\\/uploads\\\/2025\\\/08\\\/Web-Logo-Annycom.png\",\"width\":158,\"height\":36,\"caption\":\"Annycom\"},\"image\":{\"@id\":\"https:\\\/\\\/www.annycom.com\\\/#\\\/schema\\\/logo\\\/image\\\/\"}}]}<\/script>\n<!-- \/ Yoast SEO plugin. -->","yoast_head_json":{"title":"Servicios - Annycom","robots":{"index":"index","follow":"follow","max-snippet":"max-snippet:-1","max-image-preview":"max-image-preview:large","max-video-preview":"max-video-preview:-1"},"canonical":"https:\/\/www.annycom.com\/?page_id=763","og_locale":"es_ES","og_type":"article","og_title":"Servicios - Annycom","og_description":"Nuestros servicios se orientan a la consultor\u00eda en ingenier\u00eda, abarcando un espectro amplio que integra innovaci\u00f3n, tecnolog\u00edas de la informaci\u00f3n (TI), disciplinas de la ingenier\u00eda aplicada y soluciones en el \u00e1mbito de las redes y las telecomunicaciones. Nos especializamos en analizar, dise\u00f1ar e implementar proyectos tecnol\u00f3gicos e ingenieriles que respondan a los desaf\u00edos actuales de...","og_url":"https:\/\/www.annycom.com\/?page_id=763","og_site_name":"Annycom","article_modified_time":"2025-08-28T22:34:36+00:00","og_image":[{"url":"https:\/\/www.annycom.com\/wp-content\/uploads\/2025\/08\/Banner-Servicios-1024x683.png","type":"","width":"","height":""}],"twitter_card":"summary_large_image","twitter_misc":{"Tiempo de lectura":"1 minuto"},"schema":{"@context":"https:\/\/schema.org","@graph":[{"@type":"WebPage","@id":"https:\/\/www.annycom.com\/?page_id=763","url":"https:\/\/www.annycom.com\/?page_id=763","name":"Servicios - Annycom","isPartOf":{"@id":"https:\/\/www.annycom.com\/#website"},"primaryImageOfPage":{"@id":"https:\/\/www.annycom.com\/?page_id=763#primaryimage"},"image":{"@id":"https:\/\/www.annycom.com\/?page_id=763#primaryimage"},"thumbnailUrl":"https:\/\/www.annycom.com\/wp-content\/uploads\/2025\/08\/Banner-Servicios-1024x683.png","datePublished":"2025-08-28T15:52:32+00:00","dateModified":"2025-08-28T22:34:36+00:00","breadcrumb":{"@id":"https:\/\/www.annycom.com\/?page_id=763#breadcrumb"},"inLanguage":"es","potentialAction":[{"@type":"ReadAction","target":["https:\/\/www.annycom.com\/?page_id=763"]}]},{"@type":"ImageObject","inLanguage":"es","@id":"https:\/\/www.annycom.com\/?page_id=763#primaryimage","url":"https:\/\/www.annycom.com\/wp-content\/uploads\/2025\/08\/Banner-Servicios.png","contentUrl":"https:\/\/www.annycom.com\/wp-content\/uploads\/2025\/08\/Banner-Servicios.png","width":1920,"height":1280},{"@type":"BreadcrumbList","@id":"https:\/\/www.annycom.com\/?page_id=763#breadcrumb","itemListElement":[{"@type":"ListItem","position":1,"name":"Portada","item":"https:\/\/www.annycom.com\/"},{"@type":"ListItem","position":2,"name":"Servicios"}]},{"@type":"WebSite","@id":"https:\/\/www.annycom.com\/#website","url":"https:\/\/www.annycom.com\/","name":"Annycom","description":"Tecnolog&iacute;as y Sistemas de Informaci&oacute;n M&eacute;dicos","publisher":{"@id":"https:\/\/www.annycom.com\/#organization"},"potentialAction":[{"@type":"SearchAction","target":{"@type":"EntryPoint","urlTemplate":"https:\/\/www.annycom.com\/?s={search_term_string}"},"query-input":{"@type":"PropertyValueSpecification","valueRequired":true,"valueName":"search_term_string"}}],"inLanguage":"es"},{"@type":"Organization","@id":"https:\/\/www.annycom.com\/#organization","name":"Annycom","url":"https:\/\/www.annycom.com\/","logo":{"@type":"ImageObject","inLanguage":"es","@id":"https:\/\/www.annycom.com\/#\/schema\/logo\/image\/","url":"https:\/\/www.annycom.com\/wp-content\/uploads\/2025\/08\/Web-Logo-Annycom.png","contentUrl":"https:\/\/www.annycom.com\/wp-content\/uploads\/2025\/08\/Web-Logo-Annycom.png","width":158,"height":36,"caption":"Annycom"},"image":{"@id":"https:\/\/www.annycom.com\/#\/schema\/logo\/image\/"}}]}},"_links":{"self":[{"href":"https:\/\/www.annycom.com\/index.php?rest_route=\/wp\/v2\/pages\/763","targetHints":{"allow":["GET"]}}],"collection":[{"href":"https:\/\/www.annycom.com\/index.php?rest_route=\/wp\/v2\/pages"}],"about":[{"href":"https:\/\/www.annycom.com\/index.php?rest_route=\/wp\/v2\/types\/page"}],"author":[{"embeddable":true,"href":"https:\/\/www.annycom.com\/index.php?rest_route=\/wp\/v2\/users\/1"}],"replies":[{"embeddable":true,"href":"https:\/\/www.annycom.com\/index.php?rest_route=%2Fwp%2Fv2%2Fcomments&post=763"}],"version-history":[{"count":4,"href":"https:\/\/www.annycom.com\/index.php?rest_route=\/wp\/v2\/pages\/763\/revisions"}],"predecessor-version":[{"id":798,"href":"https:\/\/www.annycom.com\/index.php?rest_route=\/wp\/v2\/pages\/763\/revisions\/798"}],"wp:attachment":[{"href":"https:\/\/www.annycom.com\/index.php?rest_route=%2Fwp%2Fv2%2Fmedia&parent=763"}],"curies":[{"name":"wp","href":"https:\/\/api.w.org\/{rel}","templated":true}]}}