{"id":747,"date":"2025-08-28T14:42:16","date_gmt":"2025-08-28T14:42:16","guid":{"rendered":"https:\/\/www.annycom.com\/?page_id=747"},"modified":"2026-01-18T13:26:44","modified_gmt":"2026-01-18T13:26:44","slug":"acerca-de","status":"publish","type":"page","link":"https:\/\/www.annycom.com\/?page_id=747","title":{"rendered":"Acerca de"},"content":{"rendered":"\n<div class=\"wp-block-columns is-layout-flex wp-container-core-columns-is-layout-9d6595d7 wp-block-columns-is-layout-flex\">\n<div class=\"wp-block-column is-layout-flow wp-block-column-is-layout-flow\">\n<div class=\"wp-block-cover\"><img loading=\"lazy\" decoding=\"async\" width=\"1024\" height=\"683\" class=\"wp-block-cover__image-background wp-image-789 size-large\" alt=\"\" src=\"https:\/\/www.annycom.com\/wp-content\/uploads\/2025\/08\/Banner-Acerca-de-1024x683.png\" data-object-fit=\"cover\" srcset=\"https:\/\/www.annycom.com\/wp-content\/uploads\/2025\/08\/Banner-Acerca-de-1024x683.png 1024w, https:\/\/www.annycom.com\/wp-content\/uploads\/2025\/08\/Banner-Acerca-de-300x200.png 300w, https:\/\/www.annycom.com\/wp-content\/uploads\/2025\/08\/Banner-Acerca-de-768x512.png 768w, https:\/\/www.annycom.com\/wp-content\/uploads\/2025\/08\/Banner-Acerca-de-1536x1024.png 1536w, https:\/\/www.annycom.com\/wp-content\/uploads\/2025\/08\/Banner-Acerca-de.png 1920w\" sizes=\"auto, (max-width: 1024px) 100vw, 1024px\" \/><span aria-hidden=\"true\" class=\"wp-block-cover__background has-background-dim\" style=\"background-color:#22537a\"><\/span><div class=\"wp-block-cover__inner-container is-layout-constrained wp-block-cover-is-layout-constrained\">\n<p class=\"has-text-align-center has-large-font-size\"><strong>Qui\u00e9nes Somos<\/strong><\/p>\n<\/div><\/div>\n<\/div>\n<\/div>\n\n\n\n<div style=\"height:50px\" aria-hidden=\"true\" class=\"wp-block-spacer\"><\/div>\n\n\n\n<p class=\"has-text-align-center\" style=\"padding-right:var(--wp--preset--spacing--50);padding-left:var(--wp--preset--spacing--50)\">Somos una empresa dedicada a ofrecer soluciones integrales en dos \u00e1reas clave: consultor\u00edas especializadas en tecnolog\u00eda e ingenier\u00eda, y la distribuci\u00f3n de conocimiento m\u00e9dico a trav\u00e9s de tratados impresos y digitales. Nuestro prop\u00f3sito es impulsar el crecimiento y la eficiencia de nuestros clientes, combinando experiencia t\u00e9cnica con una oferta editorial de alto valor cient\u00edfico.<\/p>\n\n\n\n<div class=\"wp-block-columns is-layout-flex wp-container-core-columns-is-layout-9d6595d7 wp-block-columns-is-layout-flex\">\n<div class=\"wp-block-column is-layout-flow wp-block-column-is-layout-flow\" style=\"flex-basis:33.33%\">\n<figure class=\"wp-block-image size-full\"><img loading=\"lazy\" decoding=\"async\" width=\"933\" height=\"933\" src=\"https:\/\/www.annycom.com\/wp-content\/uploads\/2025\/08\/Senores-Consultores.png\" alt=\"\" class=\"wp-image-750\" srcset=\"https:\/\/www.annycom.com\/wp-content\/uploads\/2025\/08\/Senores-Consultores.png 933w, https:\/\/www.annycom.com\/wp-content\/uploads\/2025\/08\/Senores-Consultores-300x300.png 300w, https:\/\/www.annycom.com\/wp-content\/uploads\/2025\/08\/Senores-Consultores-150x150.png 150w, https:\/\/www.annycom.com\/wp-content\/uploads\/2025\/08\/Senores-Consultores-768x768.png 768w\" sizes=\"auto, (max-width: 933px) 100vw, 933px\" \/><\/figure>\n<\/div>\n\n\n\n<div class=\"wp-block-column is-layout-flow wp-block-column-is-layout-flow\" style=\"flex-basis:66.66%\">\n<p>En el \u00e1mbito de la consultor\u00eda en ingenier\u00eda y tecnolog\u00eda, ofrecemos un acompa\u00f1amiento integral que combina an\u00e1lisis estrat\u00e9gico, asesoramiento t\u00e9cnico especializado y soluciones a medida para cada organizaci\u00f3n. Nuestro enfoque se centra en comprender en profundidad los desaf\u00edos de cada industria, con el fin de dise\u00f1ar propuestas innovadoras, viables y sostenibles que potencien la eficiencia operativa, optimicen recursos y aseguren la calidad de los resultados. A trav\u00e9s de metodolog\u00edas actualizadas y mejores pr\u00e1cticas del sector, buscamos entregar un valor agregado tangible que facilite la toma de decisiones, impulse la competitividad y garantice el \u00e9xito a largo plazo de los proyectos.<\/p>\n<\/div>\n<\/div>\n\n\n\n<div class=\"wp-block-columns is-layout-flex wp-container-core-columns-is-layout-9d6595d7 wp-block-columns-is-layout-flex\">\n<div class=\"wp-block-column is-layout-flow wp-block-column-is-layout-flow\" style=\"flex-basis:33.33%\">\n<figure class=\"wp-block-image size-full\"><img loading=\"lazy\" decoding=\"async\" width=\"933\" height=\"933\" src=\"https:\/\/www.annycom.com\/wp-content\/uploads\/2025\/08\/Medicos-revisando-tablet.png\" alt=\"\" class=\"wp-image-745\" srcset=\"https:\/\/www.annycom.com\/wp-content\/uploads\/2025\/08\/Medicos-revisando-tablet.png 933w, https:\/\/www.annycom.com\/wp-content\/uploads\/2025\/08\/Medicos-revisando-tablet-300x300.png 300w, https:\/\/www.annycom.com\/wp-content\/uploads\/2025\/08\/Medicos-revisando-tablet-150x150.png 150w, https:\/\/www.annycom.com\/wp-content\/uploads\/2025\/08\/Medicos-revisando-tablet-768x768.png 768w\" sizes=\"auto, (max-width: 933px) 100vw, 933px\" \/><\/figure>\n<\/div>\n\n\n\n<div class=\"wp-block-column is-layout-flow wp-block-column-is-layout-flow\" style=\"flex-basis:66.66%\">\n<p style=\"margin-right:var(--wp--preset--spacing--50);margin-left:var(--wp--preset--spacing--50)\">Por otro lado, somos distribuidores de tratados m\u00e9dicos estilo enciclopedia y plataformas digitales con acceso por suscripci\u00f3n renovable. Estos recursos est\u00e1n dise\u00f1ados para profesionales de la salud, instituciones acad\u00e9micas y m\u00e9dicas que requieren informaci\u00f3n actualizada, confiable y de alta calidad. Nuestro servicio postventa asegura acompa\u00f1amiento continuo, soporte t\u00e9cnico y renovaci\u00f3n personalizada seg\u00fan las necesidades del cliente.<br><br>Nos comprometemos con la excelencia, la innovaci\u00f3n y el conocimiento como motores de desarrollo. Nuestra misi\u00f3n es ser aliados estrat\u00e9gicos de quienes apuestan por el progreso tecnol\u00f3gico y la formaci\u00f3n m\u00e9dica continua.<\/p>\n<\/div>\n<\/div>\n\n\n\n<div style=\"height:400px\" aria-hidden=\"true\" class=\"wp-block-spacer\"><\/div>\n","protected":false},"excerpt":{"rendered":"<p>Somos una empresa dedicada a ofrecer soluciones integrales en dos \u00e1reas clave: consultor\u00edas especializadas en tecnolog\u00eda e ingenier\u00eda, y la distribuci\u00f3n de conocimiento m\u00e9dico a trav\u00e9s de tratados impresos y digitales. Nuestro prop\u00f3sito es impulsar el crecimiento y la eficiencia de nuestros clientes, combinando experiencia t\u00e9cnica con una oferta editorial de alto valor cient\u00edfico. En&#8230;<\/p>\n","protected":false},"author":1,"featured_media":0,"parent":0,"menu_order":0,"comment_status":"closed","ping_status":"closed","template":"","meta":{"_kadence_starter_templates_imported_post":false,"_kad_post_transparent":"","_kad_post_title":"","_kad_post_layout":"","_kad_post_sidebar_id":"","_kad_post_content_style":"","_kad_post_vertical_padding":"","_kad_post_feature":"","_kad_post_feature_position":"","_kad_post_header":false,"_kad_post_footer":false,"footnotes":""},"class_list":["post-747","page","type-page","status-publish","hentry"],"yoast_head":"<!-- This site is optimized with the Yoast SEO plugin v27.4 - https:\/\/yoast.com\/product\/yoast-seo-wordpress\/ -->\n<title>Acerca de - Annycom<\/title>\n<meta name=\"robots\" content=\"index, follow, max-snippet:-1, max-image-preview:large, max-video-preview:-1\" \/>\n<link rel=\"canonical\" href=\"https:\/\/www.annycom.com\/?page_id=747\" \/>\n<meta property=\"og:locale\" content=\"es_ES\" \/>\n<meta property=\"og:type\" content=\"article\" \/>\n<meta property=\"og:title\" content=\"Acerca de - Annycom\" \/>\n<meta property=\"og:description\" content=\"Somos una empresa dedicada a ofrecer soluciones integrales en dos \u00e1reas clave: consultor\u00edas especializadas en tecnolog\u00eda e ingenier\u00eda, y la distribuci\u00f3n de conocimiento m\u00e9dico a trav\u00e9s de tratados impresos y digitales. Nuestro prop\u00f3sito es impulsar el crecimiento y la eficiencia de nuestros clientes, combinando experiencia t\u00e9cnica con una oferta editorial de alto valor cient\u00edfico. En...\" \/>\n<meta property=\"og:url\" content=\"https:\/\/www.annycom.com\/?page_id=747\" \/>\n<meta property=\"og:site_name\" content=\"Annycom\" \/>\n<meta property=\"article:modified_time\" content=\"2026-01-18T13:26:44+00:00\" \/>\n<meta property=\"og:image\" content=\"https:\/\/www.annycom.com\/wp-content\/uploads\/2025\/08\/Banner-Acerca-de.png\" \/>\n\t<meta property=\"og:image:width\" content=\"1920\" \/>\n\t<meta property=\"og:image:height\" content=\"1280\" \/>\n\t<meta property=\"og:image:type\" content=\"image\/png\" \/>\n<meta name=\"twitter:card\" content=\"summary_large_image\" \/>\n<meta name=\"twitter:label1\" content=\"Tiempo de lectura\" \/>\n\t<meta name=\"twitter:data1\" content=\"2 minutos\" \/>\n<script type=\"application\/ld+json\" class=\"yoast-schema-graph\">{\"@context\":\"https:\\\/\\\/schema.org\",\"@graph\":[{\"@type\":\"WebPage\",\"@id\":\"https:\\\/\\\/www.annycom.com\\\/?page_id=747\",\"url\":\"https:\\\/\\\/www.annycom.com\\\/?page_id=747\",\"name\":\"Acerca de - Annycom\",\"isPartOf\":{\"@id\":\"https:\\\/\\\/www.annycom.com\\\/#website\"},\"primaryImageOfPage\":{\"@id\":\"https:\\\/\\\/www.annycom.com\\\/?page_id=747#primaryimage\"},\"image\":{\"@id\":\"https:\\\/\\\/www.annycom.com\\\/?page_id=747#primaryimage\"},\"thumbnailUrl\":\"https:\\\/\\\/www.annycom.com\\\/wp-content\\\/uploads\\\/2025\\\/08\\\/Banner-Acerca-de-1024x683.png\",\"datePublished\":\"2025-08-28T14:42:16+00:00\",\"dateModified\":\"2026-01-18T13:26:44+00:00\",\"breadcrumb\":{\"@id\":\"https:\\\/\\\/www.annycom.com\\\/?page_id=747#breadcrumb\"},\"inLanguage\":\"es\",\"potentialAction\":[{\"@type\":\"ReadAction\",\"target\":[\"https:\\\/\\\/www.annycom.com\\\/?page_id=747\"]}]},{\"@type\":\"ImageObject\",\"inLanguage\":\"es\",\"@id\":\"https:\\\/\\\/www.annycom.com\\\/?page_id=747#primaryimage\",\"url\":\"https:\\\/\\\/www.annycom.com\\\/wp-content\\\/uploads\\\/2025\\\/08\\\/Banner-Acerca-de.png\",\"contentUrl\":\"https:\\\/\\\/www.annycom.com\\\/wp-content\\\/uploads\\\/2025\\\/08\\\/Banner-Acerca-de.png\",\"width\":1920,\"height\":1280},{\"@type\":\"BreadcrumbList\",\"@id\":\"https:\\\/\\\/www.annycom.com\\\/?page_id=747#breadcrumb\",\"itemListElement\":[{\"@type\":\"ListItem\",\"position\":1,\"name\":\"Portada\",\"item\":\"https:\\\/\\\/www.annycom.com\\\/\"},{\"@type\":\"ListItem\",\"position\":2,\"name\":\"Acerca de\"}]},{\"@type\":\"WebSite\",\"@id\":\"https:\\\/\\\/www.annycom.com\\\/#website\",\"url\":\"https:\\\/\\\/www.annycom.com\\\/\",\"name\":\"Annycom\",\"description\":\"Tecnolog&iacute;as y Sistemas de Informaci&oacute;n M&eacute;dicos\",\"publisher\":{\"@id\":\"https:\\\/\\\/www.annycom.com\\\/#organization\"},\"potentialAction\":[{\"@type\":\"SearchAction\",\"target\":{\"@type\":\"EntryPoint\",\"urlTemplate\":\"https:\\\/\\\/www.annycom.com\\\/?s={search_term_string}\"},\"query-input\":{\"@type\":\"PropertyValueSpecification\",\"valueRequired\":true,\"valueName\":\"search_term_string\"}}],\"inLanguage\":\"es\"},{\"@type\":\"Organization\",\"@id\":\"https:\\\/\\\/www.annycom.com\\\/#organization\",\"name\":\"Annycom\",\"url\":\"https:\\\/\\\/www.annycom.com\\\/\",\"logo\":{\"@type\":\"ImageObject\",\"inLanguage\":\"es\",\"@id\":\"https:\\\/\\\/www.annycom.com\\\/#\\\/schema\\\/logo\\\/image\\\/\",\"url\":\"https:\\\/\\\/www.annycom.com\\\/wp-content\\\/uploads\\\/2025\\\/08\\\/Web-Logo-Annycom.png\",\"contentUrl\":\"https:\\\/\\\/www.annycom.com\\\/wp-content\\\/uploads\\\/2025\\\/08\\\/Web-Logo-Annycom.png\",\"width\":158,\"height\":36,\"caption\":\"Annycom\"},\"image\":{\"@id\":\"https:\\\/\\\/www.annycom.com\\\/#\\\/schema\\\/logo\\\/image\\\/\"}}]}<\/script>\n<!-- \/ Yoast SEO plugin. -->","yoast_head_json":{"title":"Acerca de - Annycom","robots":{"index":"index","follow":"follow","max-snippet":"max-snippet:-1","max-image-preview":"max-image-preview:large","max-video-preview":"max-video-preview:-1"},"canonical":"https:\/\/www.annycom.com\/?page_id=747","og_locale":"es_ES","og_type":"article","og_title":"Acerca de - Annycom","og_description":"Somos una empresa dedicada a ofrecer soluciones integrales en dos \u00e1reas clave: consultor\u00edas especializadas en tecnolog\u00eda e ingenier\u00eda, y la distribuci\u00f3n de conocimiento m\u00e9dico a trav\u00e9s de tratados impresos y digitales. Nuestro prop\u00f3sito es impulsar el crecimiento y la eficiencia de nuestros clientes, combinando experiencia t\u00e9cnica con una oferta editorial de alto valor cient\u00edfico. En...","og_url":"https:\/\/www.annycom.com\/?page_id=747","og_site_name":"Annycom","article_modified_time":"2026-01-18T13:26:44+00:00","og_image":[{"width":1920,"height":1280,"url":"https:\/\/www.annycom.com\/wp-content\/uploads\/2025\/08\/Banner-Acerca-de.png","type":"image\/png"}],"twitter_card":"summary_large_image","twitter_misc":{"Tiempo de lectura":"2 minutos"},"schema":{"@context":"https:\/\/schema.org","@graph":[{"@type":"WebPage","@id":"https:\/\/www.annycom.com\/?page_id=747","url":"https:\/\/www.annycom.com\/?page_id=747","name":"Acerca de - Annycom","isPartOf":{"@id":"https:\/\/www.annycom.com\/#website"},"primaryImageOfPage":{"@id":"https:\/\/www.annycom.com\/?page_id=747#primaryimage"},"image":{"@id":"https:\/\/www.annycom.com\/?page_id=747#primaryimage"},"thumbnailUrl":"https:\/\/www.annycom.com\/wp-content\/uploads\/2025\/08\/Banner-Acerca-de-1024x683.png","datePublished":"2025-08-28T14:42:16+00:00","dateModified":"2026-01-18T13:26:44+00:00","breadcrumb":{"@id":"https:\/\/www.annycom.com\/?page_id=747#breadcrumb"},"inLanguage":"es","potentialAction":[{"@type":"ReadAction","target":["https:\/\/www.annycom.com\/?page_id=747"]}]},{"@type":"ImageObject","inLanguage":"es","@id":"https:\/\/www.annycom.com\/?page_id=747#primaryimage","url":"https:\/\/www.annycom.com\/wp-content\/uploads\/2025\/08\/Banner-Acerca-de.png","contentUrl":"https:\/\/www.annycom.com\/wp-content\/uploads\/2025\/08\/Banner-Acerca-de.png","width":1920,"height":1280},{"@type":"BreadcrumbList","@id":"https:\/\/www.annycom.com\/?page_id=747#breadcrumb","itemListElement":[{"@type":"ListItem","position":1,"name":"Portada","item":"https:\/\/www.annycom.com\/"},{"@type":"ListItem","position":2,"name":"Acerca de"}]},{"@type":"WebSite","@id":"https:\/\/www.annycom.com\/#website","url":"https:\/\/www.annycom.com\/","name":"Annycom","description":"Tecnolog&iacute;as y Sistemas de Informaci&oacute;n M&eacute;dicos","publisher":{"@id":"https:\/\/www.annycom.com\/#organization"},"potentialAction":[{"@type":"SearchAction","target":{"@type":"EntryPoint","urlTemplate":"https:\/\/www.annycom.com\/?s={search_term_string}"},"query-input":{"@type":"PropertyValueSpecification","valueRequired":true,"valueName":"search_term_string"}}],"inLanguage":"es"},{"@type":"Organization","@id":"https:\/\/www.annycom.com\/#organization","name":"Annycom","url":"https:\/\/www.annycom.com\/","logo":{"@type":"ImageObject","inLanguage":"es","@id":"https:\/\/www.annycom.com\/#\/schema\/logo\/image\/","url":"https:\/\/www.annycom.com\/wp-content\/uploads\/2025\/08\/Web-Logo-Annycom.png","contentUrl":"https:\/\/www.annycom.com\/wp-content\/uploads\/2025\/08\/Web-Logo-Annycom.png","width":158,"height":36,"caption":"Annycom"},"image":{"@id":"https:\/\/www.annycom.com\/#\/schema\/logo\/image\/"}}]}},"_links":{"self":[{"href":"https:\/\/www.annycom.com\/index.php?rest_route=\/wp\/v2\/pages\/747","targetHints":{"allow":["GET"]}}],"collection":[{"href":"https:\/\/www.annycom.com\/index.php?rest_route=\/wp\/v2\/pages"}],"about":[{"href":"https:\/\/www.annycom.com\/index.php?rest_route=\/wp\/v2\/types\/page"}],"author":[{"embeddable":true,"href":"https:\/\/www.annycom.com\/index.php?rest_route=\/wp\/v2\/users\/1"}],"replies":[{"embeddable":true,"href":"https:\/\/www.annycom.com\/index.php?rest_route=%2Fwp%2Fv2%2Fcomments&post=747"}],"version-history":[{"count":4,"href":"https:\/\/www.annycom.com\/index.php?rest_route=\/wp\/v2\/pages\/747\/revisions"}],"predecessor-version":[{"id":790,"href":"https:\/\/www.annycom.com\/index.php?rest_route=\/wp\/v2\/pages\/747\/revisions\/790"}],"wp:attachment":[{"href":"https:\/\/www.annycom.com\/index.php?rest_route=%2Fwp%2Fv2%2Fmedia&parent=747"}],"curies":[{"name":"wp","href":"https:\/\/api.w.org\/{rel}","templated":true}]}}