{"id":6,"date":"2022-06-06T10:32:12","date_gmt":"2022-06-06T10:32:12","guid":{"rendered":"https:\/\/kadence.pixel-show.com\/cleaning-services\/?page_id=6"},"modified":"2025-08-29T00:08:38","modified_gmt":"2025-08-29T00:08:38","slug":"inicio","status":"publish","type":"page","link":"https:\/\/www.annycom.com\/","title":{"rendered":"Inicio"},"content":{"rendered":"\n<div class=\"wp-block-cover\"><img loading=\"lazy\" decoding=\"async\" width=\"1024\" height=\"683\" class=\"wp-block-cover__image-background wp-image-754 size-large\" alt=\"\" src=\"https:\/\/www.annycom.com\/wp-content\/uploads\/2025\/08\/Home-1024x683.png\" data-object-fit=\"cover\" srcset=\"https:\/\/www.annycom.com\/wp-content\/uploads\/2025\/08\/Home-1024x683.png 1024w, https:\/\/www.annycom.com\/wp-content\/uploads\/2025\/08\/Home-300x200.png 300w, https:\/\/www.annycom.com\/wp-content\/uploads\/2025\/08\/Home-768x512.png 768w, https:\/\/www.annycom.com\/wp-content\/uploads\/2025\/08\/Home-1536x1024.png 1536w, https:\/\/www.annycom.com\/wp-content\/uploads\/2025\/08\/Home.png 1920w\" sizes=\"auto, (max-width: 1024px) 100vw, 1024px\" \/><span aria-hidden=\"true\" class=\"wp-block-cover__background has-background-dim\" style=\"background-color:#235277\"><\/span><div class=\"wp-block-cover__inner-container is-layout-constrained wp-block-cover-is-layout-constrained\">\n<p class=\"has-text-align-center has-large-font-size\"><strong>ANNYCOM<\/strong><\/p>\n\n\n\n<p class=\"has-text-align-center\">\u2709 annycom@vtr.net<br>\u2706 +569 7559 0633<\/p>\n<\/div><\/div>\n\n\n\n<div class=\"wp-block-columns is-layout-flex wp-container-core-columns-is-layout-9d6595d7 wp-block-columns-is-layout-flex\">\n<div class=\"wp-block-column is-layout-flow wp-block-column-is-layout-flow\" style=\"flex-basis:66.66%\">\n<figure class=\"wp-block-image size-full\" style=\"margin-right:0;margin-left:0\"><img loading=\"lazy\" decoding=\"async\" width=\"800\" height=\"800\" src=\"https:\/\/www.annycom.com\/wp-content\/uploads\/2025\/08\/EMC-Ejemplo-2.png\" alt=\"\" class=\"wp-image-756\" srcset=\"https:\/\/www.annycom.com\/wp-content\/uploads\/2025\/08\/EMC-Ejemplo-2.png 800w, https:\/\/www.annycom.com\/wp-content\/uploads\/2025\/08\/EMC-Ejemplo-2-300x300.png 300w, https:\/\/www.annycom.com\/wp-content\/uploads\/2025\/08\/EMC-Ejemplo-2-150x150.png 150w, https:\/\/www.annycom.com\/wp-content\/uploads\/2025\/08\/EMC-Ejemplo-2-768x768.png 768w\" sizes=\"auto, (max-width: 800px) 100vw, 800px\" \/><\/figure>\n<\/div>\n\n\n\n<div class=\"wp-block-column is-layout-flow wp-block-column-is-layout-flow\" style=\"flex-basis:33.33%\">\n<p style=\"margin-right:var(--wp--preset--spacing--50);margin-left:var(--wp--preset--spacing--50)\">Dedicados a ofrecer soluciones integrales a tus problemas.<br><br>Ofrecemos consultor\u00edas altamente especializadas en el \u00e1mbito de la tecnolog\u00eda y la ingenier\u00eda, orientadas a brindar soluciones estrat\u00e9gicas, t\u00e9cnicas y operativas adaptadas a los requerimientos de cada sector productivo. <br><br>Adem\u00e1s, disponemos de una l\u00ednea editorial enfocada en la distribuci\u00f3n de informaci\u00f3n m\u00e9dica de alto valor, mediante la publicaci\u00f3n de tratados en formato enciclop\u00e9dico impreso, cuidadosamente estructurados y actualizados.<\/p>\n<\/div>\n<\/div>\n\n\n\n<div class=\"wp-block-columns is-layout-flex wp-container-core-columns-is-layout-9d6595d7 wp-block-columns-is-layout-flex\">\n<div class=\"wp-block-column is-layout-flow wp-block-column-is-layout-flow\" style=\"flex-basis:33.33%\">\n<p style=\"margin-right:var(--wp--preset--spacing--50);margin-left:var(--wp--preset--spacing--50)\">En el \u00e1rea de la salud, actuamos como distribuidores oficiales de <em>EMC Consulte<\/em>, una plataforma de referencia reconocida a nivel internacional por su rigor cient\u00edfico y actualizaci\u00f3n permanente. Nuestro servicio est\u00e1 orientado a profesionales de la medicina y las ciencias de la salud que buscan perfeccionarse de manera continua, manteni\u00e9ndose a la vanguardia con contenidos actualizados, basados en evidencia y validados por expertos. Con esta herramienta, apoyamos la formaci\u00f3n constante, la toma de decisiones cl\u00ednicas fundamentadas y el desarrollo de competencias avanzadas en un entorno altamente competitivo y en permanente evoluci\u00f3n.<\/p>\n<\/div>\n\n\n\n<div class=\"wp-block-column is-layout-flow wp-block-column-is-layout-flow\" style=\"flex-basis:66.66%\">\n<figure class=\"wp-block-image size-full\"><img loading=\"lazy\" decoding=\"async\" width=\"800\" height=\"800\" src=\"https:\/\/www.annycom.com\/wp-content\/uploads\/2025\/08\/EMC-Consulte.png\" alt=\"\" class=\"wp-image-758\" srcset=\"https:\/\/www.annycom.com\/wp-content\/uploads\/2025\/08\/EMC-Consulte.png 800w, https:\/\/www.annycom.com\/wp-content\/uploads\/2025\/08\/EMC-Consulte-300x300.png 300w, https:\/\/www.annycom.com\/wp-content\/uploads\/2025\/08\/EMC-Consulte-150x150.png 150w, https:\/\/www.annycom.com\/wp-content\/uploads\/2025\/08\/EMC-Consulte-768x768.png 768w\" sizes=\"auto, (max-width: 800px) 100vw, 800px\" \/><\/figure>\n<\/div>\n<\/div>\n\n\n\n<div class=\"wp-block-columns is-layout-flex wp-container-core-columns-is-layout-9d6595d7 wp-block-columns-is-layout-flex\">\n<div class=\"wp-block-column is-layout-flow wp-block-column-is-layout-flow\" style=\"flex-basis:33.33%\">\n<figure class=\"wp-block-image size-full\"><img loading=\"lazy\" decoding=\"async\" width=\"500\" height=\"500\" src=\"https:\/\/www.annycom.com\/wp-content\/uploads\/2025\/08\/Elsevier-Logo.png\" alt=\"\" class=\"wp-image-760\" srcset=\"https:\/\/www.annycom.com\/wp-content\/uploads\/2025\/08\/Elsevier-Logo.png 500w, https:\/\/www.annycom.com\/wp-content\/uploads\/2025\/08\/Elsevier-Logo-300x300.png 300w, https:\/\/www.annycom.com\/wp-content\/uploads\/2025\/08\/Elsevier-Logo-150x150.png 150w\" sizes=\"auto, (max-width: 500px) 100vw, 500px\" \/><\/figure>\n<\/div>\n\n\n\n<div class=\"wp-block-column is-layout-flow wp-block-column-is-layout-flow\" style=\"flex-basis:66.66%\">\n<p style=\"margin-right:var(--wp--preset--spacing--50);margin-left:var(--wp--preset--spacing--50)\">Somos distribuidores oficiales de los tratados m\u00e9dicos desarrollados por <em>Elsevier<\/em>, una compa\u00f1\u00eda global l\u00edder en el an\u00e1lisis de informaci\u00f3n cient\u00edfica y considerada una de las editoriales m\u00e1s prestigiosas y reconocidas a nivel mundial en el \u00e1mbito de la Medicina y las Ciencias de la Salud. Con una trayectoria consolidada y una presencia internacional en m\u00e1s de 180 pa\u00edses, Elsevier se ha posicionado como un socio estrat\u00e9gico para investigadores, acad\u00e9micos, profesionales de la salud e instituciones m\u00e9dicas, proporcionando recursos confiables y de alto impacto.<br><br>A trav\u00e9s de esta alianza, ponemos a disposici\u00f3n del sector salud materiales de vanguardia que permiten a los profesionales mantenerse actualizados en los \u00faltimos avances cient\u00edficos y cl\u00ednicos.<\/p>\n<\/div>\n<\/div>\n\n\n\n<div style=\"height:400px\" aria-hidden=\"true\" class=\"wp-block-spacer\"><\/div>\n\n\n\n<p><\/p>\n","protected":false},"excerpt":{"rendered":"<p>Dedicados a ofrecer soluciones integrales a tus problemas. Ofrecemos consultor\u00edas altamente especializadas en el \u00e1mbito de la tecnolog\u00eda y la ingenier\u00eda, orientadas a brindar soluciones estrat\u00e9gicas, t\u00e9cnicas y operativas adaptadas a los requerimientos de cada sector productivo. Adem\u00e1s, disponemos de una l\u00ednea editorial enfocada en la distribuci\u00f3n de informaci\u00f3n m\u00e9dica de alto valor, mediante la&#8230;<\/p>\n","protected":false},"author":1,"featured_media":0,"parent":0,"menu_order":0,"comment_status":"closed","ping_status":"closed","template":"","meta":{"_kadence_starter_templates_imported_post":true,"_kad_post_transparent":"","_kad_post_title":"hide","_kad_post_layout":"fullwidth","_kad_post_sidebar_id":"","_kad_post_content_style":"unboxed","_kad_post_vertical_padding":"hide","_kad_post_feature":"hide","_kad_post_feature_position":"","_kad_post_header":false,"_kad_post_footer":false,"footnotes":""},"class_list":["post-6","page","type-page","status-publish","hentry"],"yoast_head":"<!-- This site is optimized with the Yoast SEO plugin v27.5 - https:\/\/yoast.com\/product\/yoast-seo-wordpress\/ -->\n<title>Inicio - Annycom<\/title>\n<meta name=\"robots\" content=\"index, follow, max-snippet:-1, max-image-preview:large, max-video-preview:-1\" \/>\n<link rel=\"canonical\" href=\"https:\/\/www.annycom.com\/\" \/>\n<meta property=\"og:locale\" content=\"es_ES\" \/>\n<meta property=\"og:type\" content=\"article\" \/>\n<meta property=\"og:title\" content=\"Inicio - Annycom\" \/>\n<meta property=\"og:description\" content=\"Dedicados a ofrecer soluciones integrales a tus problemas. Ofrecemos consultor\u00edas altamente especializadas en el \u00e1mbito de la tecnolog\u00eda y la ingenier\u00eda, orientadas a brindar soluciones estrat\u00e9gicas, t\u00e9cnicas y operativas adaptadas a los requerimientos de cada sector productivo. Adem\u00e1s, disponemos de una l\u00ednea editorial enfocada en la distribuci\u00f3n de informaci\u00f3n m\u00e9dica de alto valor, mediante la...\" \/>\n<meta property=\"og:url\" content=\"https:\/\/www.annycom.com\/\" \/>\n<meta property=\"og:site_name\" content=\"Annycom\" \/>\n<meta property=\"article:modified_time\" content=\"2025-08-29T00:08:38+00:00\" \/>\n<meta property=\"og:image\" content=\"https:\/\/www.annycom.com\/wp-content\/uploads\/2025\/08\/Home-1024x683.png\" \/>\n<meta name=\"twitter:card\" content=\"summary_large_image\" \/>\n<meta name=\"twitter:label1\" content=\"Tiempo de lectura\" \/>\n\t<meta name=\"twitter:data1\" content=\"3 minutos\" \/>\n<script type=\"application\/ld+json\" class=\"yoast-schema-graph\">{\"@context\":\"https:\\\/\\\/schema.org\",\"@graph\":[{\"@type\":\"WebPage\",\"@id\":\"https:\\\/\\\/www.annycom.com\\\/\",\"url\":\"https:\\\/\\\/www.annycom.com\\\/\",\"name\":\"Inicio - Annycom\",\"isPartOf\":{\"@id\":\"https:\\\/\\\/www.annycom.com\\\/#website\"},\"primaryImageOfPage\":{\"@id\":\"https:\\\/\\\/www.annycom.com\\\/#primaryimage\"},\"image\":{\"@id\":\"https:\\\/\\\/www.annycom.com\\\/#primaryimage\"},\"thumbnailUrl\":\"https:\\\/\\\/www.annycom.com\\\/wp-content\\\/uploads\\\/2025\\\/08\\\/Home-1024x683.png\",\"datePublished\":\"2022-06-06T10:32:12+00:00\",\"dateModified\":\"2025-08-29T00:08:38+00:00\",\"breadcrumb\":{\"@id\":\"https:\\\/\\\/www.annycom.com\\\/#breadcrumb\"},\"inLanguage\":\"es\",\"potentialAction\":[{\"@type\":\"ReadAction\",\"target\":[\"https:\\\/\\\/www.annycom.com\\\/\"]}]},{\"@type\":\"ImageObject\",\"inLanguage\":\"es\",\"@id\":\"https:\\\/\\\/www.annycom.com\\\/#primaryimage\",\"url\":\"https:\\\/\\\/www.annycom.com\\\/wp-content\\\/uploads\\\/2025\\\/08\\\/Home.png\",\"contentUrl\":\"https:\\\/\\\/www.annycom.com\\\/wp-content\\\/uploads\\\/2025\\\/08\\\/Home.png\",\"width\":1920,\"height\":1280},{\"@type\":\"BreadcrumbList\",\"@id\":\"https:\\\/\\\/www.annycom.com\\\/#breadcrumb\",\"itemListElement\":[{\"@type\":\"ListItem\",\"position\":1,\"name\":\"Portada\",\"item\":\"https:\\\/\\\/www.annycom.com\\\/\"},{\"@type\":\"ListItem\",\"position\":2,\"name\":\"Inicio\"}]},{\"@type\":\"WebSite\",\"@id\":\"https:\\\/\\\/www.annycom.com\\\/#website\",\"url\":\"https:\\\/\\\/www.annycom.com\\\/\",\"name\":\"Annycom\",\"description\":\"Tecnolog&iacute;as y Sistemas de Informaci&oacute;n M&eacute;dicos\",\"publisher\":{\"@id\":\"https:\\\/\\\/www.annycom.com\\\/#organization\"},\"potentialAction\":[{\"@type\":\"SearchAction\",\"target\":{\"@type\":\"EntryPoint\",\"urlTemplate\":\"https:\\\/\\\/www.annycom.com\\\/?s={search_term_string}\"},\"query-input\":{\"@type\":\"PropertyValueSpecification\",\"valueRequired\":true,\"valueName\":\"search_term_string\"}}],\"inLanguage\":\"es\"},{\"@type\":\"Organization\",\"@id\":\"https:\\\/\\\/www.annycom.com\\\/#organization\",\"name\":\"Annycom\",\"url\":\"https:\\\/\\\/www.annycom.com\\\/\",\"logo\":{\"@type\":\"ImageObject\",\"inLanguage\":\"es\",\"@id\":\"https:\\\/\\\/www.annycom.com\\\/#\\\/schema\\\/logo\\\/image\\\/\",\"url\":\"https:\\\/\\\/www.annycom.com\\\/wp-content\\\/uploads\\\/2025\\\/08\\\/Web-Logo-Annycom.png\",\"contentUrl\":\"https:\\\/\\\/www.annycom.com\\\/wp-content\\\/uploads\\\/2025\\\/08\\\/Web-Logo-Annycom.png\",\"width\":158,\"height\":36,\"caption\":\"Annycom\"},\"image\":{\"@id\":\"https:\\\/\\\/www.annycom.com\\\/#\\\/schema\\\/logo\\\/image\\\/\"}}]}<\/script>\n<!-- \/ Yoast SEO plugin. -->","yoast_head_json":{"title":"Inicio - Annycom","robots":{"index":"index","follow":"follow","max-snippet":"max-snippet:-1","max-image-preview":"max-image-preview:large","max-video-preview":"max-video-preview:-1"},"canonical":"https:\/\/www.annycom.com\/","og_locale":"es_ES","og_type":"article","og_title":"Inicio - Annycom","og_description":"Dedicados a ofrecer soluciones integrales a tus problemas. Ofrecemos consultor\u00edas altamente especializadas en el \u00e1mbito de la tecnolog\u00eda y la ingenier\u00eda, orientadas a brindar soluciones estrat\u00e9gicas, t\u00e9cnicas y operativas adaptadas a los requerimientos de cada sector productivo. Adem\u00e1s, disponemos de una l\u00ednea editorial enfocada en la distribuci\u00f3n de informaci\u00f3n m\u00e9dica de alto valor, mediante la...","og_url":"https:\/\/www.annycom.com\/","og_site_name":"Annycom","article_modified_time":"2025-08-29T00:08:38+00:00","og_image":[{"url":"https:\/\/www.annycom.com\/wp-content\/uploads\/2025\/08\/Home-1024x683.png","type":"","width":"","height":""}],"twitter_card":"summary_large_image","twitter_misc":{"Tiempo de lectura":"3 minutos"},"schema":{"@context":"https:\/\/schema.org","@graph":[{"@type":"WebPage","@id":"https:\/\/www.annycom.com\/","url":"https:\/\/www.annycom.com\/","name":"Inicio - Annycom","isPartOf":{"@id":"https:\/\/www.annycom.com\/#website"},"primaryImageOfPage":{"@id":"https:\/\/www.annycom.com\/#primaryimage"},"image":{"@id":"https:\/\/www.annycom.com\/#primaryimage"},"thumbnailUrl":"https:\/\/www.annycom.com\/wp-content\/uploads\/2025\/08\/Home-1024x683.png","datePublished":"2022-06-06T10:32:12+00:00","dateModified":"2025-08-29T00:08:38+00:00","breadcrumb":{"@id":"https:\/\/www.annycom.com\/#breadcrumb"},"inLanguage":"es","potentialAction":[{"@type":"ReadAction","target":["https:\/\/www.annycom.com\/"]}]},{"@type":"ImageObject","inLanguage":"es","@id":"https:\/\/www.annycom.com\/#primaryimage","url":"https:\/\/www.annycom.com\/wp-content\/uploads\/2025\/08\/Home.png","contentUrl":"https:\/\/www.annycom.com\/wp-content\/uploads\/2025\/08\/Home.png","width":1920,"height":1280},{"@type":"BreadcrumbList","@id":"https:\/\/www.annycom.com\/#breadcrumb","itemListElement":[{"@type":"ListItem","position":1,"name":"Portada","item":"https:\/\/www.annycom.com\/"},{"@type":"ListItem","position":2,"name":"Inicio"}]},{"@type":"WebSite","@id":"https:\/\/www.annycom.com\/#website","url":"https:\/\/www.annycom.com\/","name":"Annycom","description":"Tecnolog&iacute;as y Sistemas de Informaci&oacute;n M&eacute;dicos","publisher":{"@id":"https:\/\/www.annycom.com\/#organization"},"potentialAction":[{"@type":"SearchAction","target":{"@type":"EntryPoint","urlTemplate":"https:\/\/www.annycom.com\/?s={search_term_string}"},"query-input":{"@type":"PropertyValueSpecification","valueRequired":true,"valueName":"search_term_string"}}],"inLanguage":"es"},{"@type":"Organization","@id":"https:\/\/www.annycom.com\/#organization","name":"Annycom","url":"https:\/\/www.annycom.com\/","logo":{"@type":"ImageObject","inLanguage":"es","@id":"https:\/\/www.annycom.com\/#\/schema\/logo\/image\/","url":"https:\/\/www.annycom.com\/wp-content\/uploads\/2025\/08\/Web-Logo-Annycom.png","contentUrl":"https:\/\/www.annycom.com\/wp-content\/uploads\/2025\/08\/Web-Logo-Annycom.png","width":158,"height":36,"caption":"Annycom"},"image":{"@id":"https:\/\/www.annycom.com\/#\/schema\/logo\/image\/"}}]}},"_links":{"self":[{"href":"https:\/\/www.annycom.com\/index.php?rest_route=\/wp\/v2\/pages\/6","targetHints":{"allow":["GET"]}}],"collection":[{"href":"https:\/\/www.annycom.com\/index.php?rest_route=\/wp\/v2\/pages"}],"about":[{"href":"https:\/\/www.annycom.com\/index.php?rest_route=\/wp\/v2\/types\/page"}],"author":[{"embeddable":true,"href":"https:\/\/www.annycom.com\/index.php?rest_route=\/wp\/v2\/users\/1"}],"replies":[{"embeddable":true,"href":"https:\/\/www.annycom.com\/index.php?rest_route=%2Fwp%2Fv2%2Fcomments&post=6"}],"version-history":[{"count":7,"href":"https:\/\/www.annycom.com\/index.php?rest_route=\/wp\/v2\/pages\/6\/revisions"}],"predecessor-version":[{"id":811,"href":"https:\/\/www.annycom.com\/index.php?rest_route=\/wp\/v2\/pages\/6\/revisions\/811"}],"wp:attachment":[{"href":"https:\/\/www.annycom.com\/index.php?rest_route=%2Fwp%2Fv2%2Fmedia&parent=6"}],"curies":[{"name":"wp","href":"https:\/\/api.w.org\/{rel}","templated":true}]}}